{"id":14422,"date":"2026-03-04T07:02:42","date_gmt":"2026-03-04T07:02:42","guid":{"rendered":"https:\/\/domainunique.shop\/?post_type=product&#038;p=14422"},"modified":"2026-03-05T06:25:06","modified_gmt":"2026-03-05T06:25:06","slug":"10-1-android-tablet-set-8-core-8gb-ram-64gb-storage-includes-bluetooth-keyboard-mouse-portable-smart-device","status":"publish","type":"product","link":"https:\/\/domainunique.shop\/de\/produkt\/10-1-android-tablet-set-8-core-8gb-ram-64gb-storage-includes-bluetooth-keyboard-mouse-portable-smart-device\/","title":{"rendered":"10.1\u2033 Android Tablet Set - 8-Core, 8GB RAM, 64GB Speicher, Inklusive Bluetooth Tastatur &amp; Maus, Tragbares Smart Device"},"content":{"rendered":"<div data-elementor-type=\"product-post\" data-elementor-id=\"14422\" class=\"elementor elementor-14422\" data-elementor-post-type=\"product\">\n\t\t\t\t<div class=\"elementor-element elementor-element-6c7e9f79 e-flex e-con-boxed e-con e-parent\" data-id=\"6c7e9f79\" data-element_type=\"container\" data-settings=\"{&quot;ekit_has_onepagescroll_dot&quot;:&quot;yes&quot;}\">\n\t\t\t\t\t<div class=\"e-con-inner\">\n\t\t\t\t<div class=\"elementor-element elementor-element-7f408c7b elementor-widget elementor-widget-image\" data-id=\"7f408c7b\" data-element_type=\"widget\" data-settings=\"{&quot;ekit_we_effect_on&quot;:&quot;none&quot;}\" data-widget_type=\"image.default\">\n\t\t\t\t<div class=\"elementor-widget-container\">\n\t\t\t\t\t\t\t\t\t\t\t\t\t\t\t<img loading=\"lazy\" decoding=\"async\" width=\"1464\" height=\"600\" src=\"https:\/\/domainunique.shop\/wp-content\/uploads\/2026\/03\/1bcc463d-eccc-4c84-b908-41a3e99d535c.__CR001464600_PT0_SX1464_V1___.jpg\" class=\"attachment-full size-full wp-image-14430 wvs-archive-product-image\" alt=\"\" srcset=\"https:\/\/domainunique.shop\/wp-content\/uploads\/2026\/03\/1bcc463d-eccc-4c84-b908-41a3e99d535c.__CR001464600_PT0_SX1464_V1___.jpg 1464w, https:\/\/domainunique.shop\/wp-content\/uploads\/2026\/03\/1bcc463d-eccc-4c84-b908-41a3e99d535c.__CR001464600_PT0_SX1464_V1___-300x123.jpg 300w, https:\/\/domainunique.shop\/wp-content\/uploads\/2026\/03\/1bcc463d-eccc-4c84-b908-41a3e99d535c.__CR001464600_PT0_SX1464_V1___-1024x420.jpg 1024w, https:\/\/domainunique.shop\/wp-content\/uploads\/2026\/03\/1bcc463d-eccc-4c84-b908-41a3e99d535c.__CR001464600_PT0_SX1464_V1___-768x315.jpg 768w, https:\/\/domainunique.shop\/wp-content\/uploads\/2026\/03\/1bcc463d-eccc-4c84-b908-41a3e99d535c.__CR001464600_PT0_SX1464_V1___-18x7.jpg 18w, https:\/\/domainunique.shop\/wp-content\/uploads\/2026\/03\/1bcc463d-eccc-4c84-b908-41a3e99d535c.__CR001464600_PT0_SX1464_V1___-600x246.jpg 600w, https:\/\/domainunique.shop\/wp-content\/uploads\/2026\/03\/1bcc463d-eccc-4c84-b908-41a3e99d535c.__CR001464600_PT0_SX1464_V1___-1x1.jpg 1w, https:\/\/domainunique.shop\/wp-content\/uploads\/2026\/03\/1bcc463d-eccc-4c84-b908-41a3e99d535c.__CR001464600_PT0_SX1464_V1___-10x4.jpg 10w\" sizes=\"auto, (max-width: 1464px) 100vw, 1464px\" \/>\t\t\t\t\t\t\t\t\t\t\t\t\t\t\t<\/div>\n\t\t\t\t<\/div>\n\t\t\t\t<div class=\"elementor-element elementor-element-4ecad90f elementor-widget elementor-widget-image\" data-id=\"4ecad90f\" data-element_type=\"widget\" data-settings=\"{&quot;ekit_we_effect_on&quot;:&quot;none&quot;}\" data-widget_type=\"image.default\">\n\t\t\t\t<div class=\"elementor-widget-container\">\n\t\t\t\t\t\t\t\t\t\t\t\t\t\t\t<img loading=\"lazy\" decoding=\"async\" width=\"1464\" height=\"600\" src=\"https:\/\/domainunique.shop\/wp-content\/uploads\/2026\/03\/4104b403-816f-498a-bc29-eae1876436d0.__CR001464600_PT0_SX1464_V1___.jpg\" class=\"attachment-full size-full wp-image-14431 wvs-archive-product-image\" alt=\"\" srcset=\"https:\/\/domainunique.shop\/wp-content\/uploads\/2026\/03\/4104b403-816f-498a-bc29-eae1876436d0.__CR001464600_PT0_SX1464_V1___.jpg 1464w, https:\/\/domainunique.shop\/wp-content\/uploads\/2026\/03\/4104b403-816f-498a-bc29-eae1876436d0.__CR001464600_PT0_SX1464_V1___-300x123.jpg 300w, https:\/\/domainunique.shop\/wp-content\/uploads\/2026\/03\/4104b403-816f-498a-bc29-eae1876436d0.__CR001464600_PT0_SX1464_V1___-1024x420.jpg 1024w, https:\/\/domainunique.shop\/wp-content\/uploads\/2026\/03\/4104b403-816f-498a-bc29-eae1876436d0.__CR001464600_PT0_SX1464_V1___-768x315.jpg 768w, https:\/\/domainunique.shop\/wp-content\/uploads\/2026\/03\/4104b403-816f-498a-bc29-eae1876436d0.__CR001464600_PT0_SX1464_V1___-18x7.jpg 18w, https:\/\/domainunique.shop\/wp-content\/uploads\/2026\/03\/4104b403-816f-498a-bc29-eae1876436d0.__CR001464600_PT0_SX1464_V1___-600x246.jpg 600w, https:\/\/domainunique.shop\/wp-content\/uploads\/2026\/03\/4104b403-816f-498a-bc29-eae1876436d0.__CR001464600_PT0_SX1464_V1___-1x1.jpg 1w, https:\/\/domainunique.shop\/wp-content\/uploads\/2026\/03\/4104b403-816f-498a-bc29-eae1876436d0.__CR001464600_PT0_SX1464_V1___-10x4.jpg 10w\" sizes=\"auto, (max-width: 1464px) 100vw, 1464px\" \/>\t\t\t\t\t\t\t\t\t\t\t\t\t\t\t<\/div>\n\t\t\t\t<\/div>\n\t\t\t\t<div class=\"elementor-element elementor-element-7aac61ff elementor-widget elementor-widget-image\" data-id=\"7aac61ff\" data-element_type=\"widget\" data-settings=\"{&quot;ekit_we_effect_on&quot;:&quot;none&quot;}\" data-widget_type=\"image.default\">\n\t\t\t\t<div class=\"elementor-widget-container\">\n\t\t\t\t\t\t\t\t\t\t\t\t\t\t\t<img loading=\"lazy\" decoding=\"async\" width=\"1464\" height=\"600\" src=\"https:\/\/domainunique.shop\/wp-content\/uploads\/2026\/03\/18b701d9-eb9e-4330-943d-ba5bab31afd7.__CR001464600_PT0_SX1464_V1___.jpg\" class=\"attachment-full size-full wp-image-14432 wvs-archive-product-image\" alt=\"\" srcset=\"https:\/\/domainunique.shop\/wp-content\/uploads\/2026\/03\/18b701d9-eb9e-4330-943d-ba5bab31afd7.__CR001464600_PT0_SX1464_V1___.jpg 1464w, https:\/\/domainunique.shop\/wp-content\/uploads\/2026\/03\/18b701d9-eb9e-4330-943d-ba5bab31afd7.__CR001464600_PT0_SX1464_V1___-300x123.jpg 300w, https:\/\/domainunique.shop\/wp-content\/uploads\/2026\/03\/18b701d9-eb9e-4330-943d-ba5bab31afd7.__CR001464600_PT0_SX1464_V1___-1024x420.jpg 1024w, https:\/\/domainunique.shop\/wp-content\/uploads\/2026\/03\/18b701d9-eb9e-4330-943d-ba5bab31afd7.__CR001464600_PT0_SX1464_V1___-768x315.jpg 768w, https:\/\/domainunique.shop\/wp-content\/uploads\/2026\/03\/18b701d9-eb9e-4330-943d-ba5bab31afd7.__CR001464600_PT0_SX1464_V1___-18x7.jpg 18w, https:\/\/domainunique.shop\/wp-content\/uploads\/2026\/03\/18b701d9-eb9e-4330-943d-ba5bab31afd7.__CR001464600_PT0_SX1464_V1___-600x246.jpg 600w, https:\/\/domainunique.shop\/wp-content\/uploads\/2026\/03\/18b701d9-eb9e-4330-943d-ba5bab31afd7.__CR001464600_PT0_SX1464_V1___-1x1.jpg 1w, https:\/\/domainunique.shop\/wp-content\/uploads\/2026\/03\/18b701d9-eb9e-4330-943d-ba5bab31afd7.__CR001464600_PT0_SX1464_V1___-10x4.jpg 10w\" sizes=\"auto, (max-width: 1464px) 100vw, 1464px\" \/>\t\t\t\t\t\t\t\t\t\t\t\t\t\t\t<\/div>\n\t\t\t\t<\/div>\n\t\t\t\t<div class=\"elementor-element elementor-element-63af885 elementor-widget elementor-widget-image\" data-id=\"63af885\" data-element_type=\"widget\" data-settings=\"{&quot;ekit_we_effect_on&quot;:&quot;none&quot;}\" data-widget_type=\"image.default\">\n\t\t\t\t<div class=\"elementor-widget-container\">\n\t\t\t\t\t\t\t\t\t\t\t\t\t\t\t<img loading=\"lazy\" decoding=\"async\" width=\"1464\" height=\"600\" src=\"https:\/\/domainunique.shop\/wp-content\/uploads\/2026\/03\/8b7140d0-4bb8-4fc4-b7b6-bc0003a6a98b.__CR001464600_PT0_SX1464_V1___.jpg\" class=\"attachment-full size-full wp-image-14433 wvs-archive-product-image\" alt=\"\" srcset=\"https:\/\/domainunique.shop\/wp-content\/uploads\/2026\/03\/8b7140d0-4bb8-4fc4-b7b6-bc0003a6a98b.__CR001464600_PT0_SX1464_V1___.jpg 1464w, https:\/\/domainunique.shop\/wp-content\/uploads\/2026\/03\/8b7140d0-4bb8-4fc4-b7b6-bc0003a6a98b.__CR001464600_PT0_SX1464_V1___-300x123.jpg 300w, https:\/\/domainunique.shop\/wp-content\/uploads\/2026\/03\/8b7140d0-4bb8-4fc4-b7b6-bc0003a6a98b.__CR001464600_PT0_SX1464_V1___-1024x420.jpg 1024w, https:\/\/domainunique.shop\/wp-content\/uploads\/2026\/03\/8b7140d0-4bb8-4fc4-b7b6-bc0003a6a98b.__CR001464600_PT0_SX1464_V1___-768x315.jpg 768w, https:\/\/domainunique.shop\/wp-content\/uploads\/2026\/03\/8b7140d0-4bb8-4fc4-b7b6-bc0003a6a98b.__CR001464600_PT0_SX1464_V1___-18x7.jpg 18w, https:\/\/domainunique.shop\/wp-content\/uploads\/2026\/03\/8b7140d0-4bb8-4fc4-b7b6-bc0003a6a98b.__CR001464600_PT0_SX1464_V1___-600x246.jpg 600w, https:\/\/domainunique.shop\/wp-content\/uploads\/2026\/03\/8b7140d0-4bb8-4fc4-b7b6-bc0003a6a98b.__CR001464600_PT0_SX1464_V1___-1x1.jpg 1w, https:\/\/domainunique.shop\/wp-content\/uploads\/2026\/03\/8b7140d0-4bb8-4fc4-b7b6-bc0003a6a98b.__CR001464600_PT0_SX1464_V1___-10x4.jpg 10w\" sizes=\"auto, (max-width: 1464px) 100vw, 1464px\" \/>\t\t\t\t\t\t\t\t\t\t\t\t\t\t\t<\/div>\n\t\t\t\t<\/div>\n\t\t\t\t<div class=\"elementor-element elementor-element-19791628 elementor-widget elementor-widget-image\" data-id=\"19791628\" data-element_type=\"widget\" data-settings=\"{&quot;ekit_we_effect_on&quot;:&quot;none&quot;}\" data-widget_type=\"image.default\">\n\t\t\t\t<div class=\"elementor-widget-container\">\n\t\t\t\t\t\t\t\t\t\t\t\t\t\t\t<img loading=\"lazy\" decoding=\"async\" width=\"1464\" height=\"600\" src=\"https:\/\/domainunique.shop\/wp-content\/uploads\/2026\/03\/fb8b067a-c066-491b-9a7e-e1bcbec65102.__CR001464600_PT0_SX1464_V1___.jpg\" class=\"attachment-full size-full wp-image-14434 wvs-archive-product-image\" alt=\"\" srcset=\"https:\/\/domainunique.shop\/wp-content\/uploads\/2026\/03\/fb8b067a-c066-491b-9a7e-e1bcbec65102.__CR001464600_PT0_SX1464_V1___.jpg 1464w, https:\/\/domainunique.shop\/wp-content\/uploads\/2026\/03\/fb8b067a-c066-491b-9a7e-e1bcbec65102.__CR001464600_PT0_SX1464_V1___-300x123.jpg 300w, https:\/\/domainunique.shop\/wp-content\/uploads\/2026\/03\/fb8b067a-c066-491b-9a7e-e1bcbec65102.__CR001464600_PT0_SX1464_V1___-1024x420.jpg 1024w, https:\/\/domainunique.shop\/wp-content\/uploads\/2026\/03\/fb8b067a-c066-491b-9a7e-e1bcbec65102.__CR001464600_PT0_SX1464_V1___-768x315.jpg 768w, https:\/\/domainunique.shop\/wp-content\/uploads\/2026\/03\/fb8b067a-c066-491b-9a7e-e1bcbec65102.__CR001464600_PT0_SX1464_V1___-18x7.jpg 18w, https:\/\/domainunique.shop\/wp-content\/uploads\/2026\/03\/fb8b067a-c066-491b-9a7e-e1bcbec65102.__CR001464600_PT0_SX1464_V1___-600x246.jpg 600w, https:\/\/domainunique.shop\/wp-content\/uploads\/2026\/03\/fb8b067a-c066-491b-9a7e-e1bcbec65102.__CR001464600_PT0_SX1464_V1___-1x1.jpg 1w, https:\/\/domainunique.shop\/wp-content\/uploads\/2026\/03\/fb8b067a-c066-491b-9a7e-e1bcbec65102.__CR001464600_PT0_SX1464_V1___-10x4.jpg 10w\" sizes=\"auto, (max-width: 1464px) 100vw, 1464px\" \/>\t\t\t\t\t\t\t\t\t\t\t\t\t\t\t<\/div>\n\t\t\t\t<\/div>\n\t\t\t\t<div class=\"elementor-element elementor-element-3dfaafbc elementor-widget elementor-widget-text-editor\" data-id=\"3dfaafbc\" data-element_type=\"widget\" data-settings=\"{&quot;ekit_we_effect_on&quot;:&quot;none&quot;}\" data-widget_type=\"text-editor.default\">\n\t\t\t\t<div class=\"elementor-widget-container\">\n\t\t\t\t\t\t\t\t\t<!DOCTYPE html>\n<html lang=\"en\">\n<head>\n    <meta charset=\"UTF-8\">\n    <meta name=\"viewport\" content=\"width=device-width, initial-scale=1.0\">\n    <title>\u4ea7\u54c1\u4fe1\u606f \u00b7 \u4e24\u5217\u8d2f\u7a7f\u7ebf\uff08\u542b\u6298\u53e0\u63d0\u793a\uff09<\/title>\n    <style>\n        \/* \u6781\u7b80\u91cd\u7f6e + \u82f1\u5f0f\u98ce\u683c \u2014 \u4ec5\u4f5c\u7528\u4e8e\u5361\u7247\u5185\uff0c\u4e0d\u5f71\u54cd\u5916\u90e8 *\/\n       \n        .product-card {\n            max-width: 880px;\n            width: 100%;\n            background: #ffffff;\n            border-radius: 26px;\n            box-shadow: 0 18px 36px -14px rgba(18, 40, 55, 0.18);\n            padding: 2.2rem 2.4rem 2.6rem 2.4rem;\n            isolation: isolate;\n        }\n\n        \/* \u6807\u9898\u533a\u57df *\/\n        .product-card .header {\n            margin-bottom: 2rem;\n        }\n\n        .product-card .header h1 {\n            font-weight: 480;\n            font-size: 2rem;\n            color: #14303e;\n            border-left: 6px solid #a6bdd2;\n            padding-left: 1.2rem;\n            letter-spacing: -0.01em;\n            line-height: 1.2;\n        }\n\n        \/* \u526f\u6807\u9898\/\u6298\u53e0\u63d0\u793a\u884c \u2014 \u4e5f\u4fdd\u7559\u4e0b\u5212\u7ebf\uff0c\u8d2f\u7a7f\u5de6\u53f3 *\/\n        .product-card .sub-header {\n            display: grid;\n            grid-template-columns: 1fr 1fr;  \/* \u4e24\u5217\u7b49\u5bbd\uff0c\u5b8c\u5168\u9760\u5de6 *\/\n            gap: 0;\n            width: 100%;\n        }\n\n        .product-card .sub-cell {\n            border-bottom: 2px solid #d7e0e8;\n            padding: 1rem 0 0.9rem 0;\n            font-size: 1.1rem;\n            display: flex;\n            align-items: center;\n            word-break: break-word;\n            min-height: 68px;\n        }\n\n        \/* \u5de6\u4fa7\u5c5e\u6027\u6837\u5f0f *\/\n        .product-card .attr-light {\n            font-weight: 520;\n            color: #163946;\n            padding-right: 1rem;\n            text-align: left;\n        }\n\n        \/* \u53f3\u4fa7\u6570\u503c\u6837\u5f0f *\/\n        .product-card .value-light {\n            font-weight: 400;\n            color: #235062;\n            padding-left: 1rem;\n            text-align: left;\n        }\n\n        \/* \u4e3b\u8981\u6570\u636e\u7f51\u683c \u2014 \u4e24\u5217 *\/\n        .product-card .spec-grid {\n            display: grid;\n            grid-template-columns: minmax(180px, 1.2fr) minmax(200px, 2fr);\n            gap: 0;\n            width: 100%;\n        }\n\n        \/* \u6570\u636e\u5355\u5143\u683c\u7edf\u4e00\u4e0b\u8fb9\u6846 *\/\n        .product-card .spec-cell {\n            border-bottom: 2px solid #d7e0e8;\n            padding: 1rem 0 0.9rem 0;\n            font-size: 1.05rem;\n            display: flex;\n            align-items: center;\n            word-break: break-word;\n            line-height: 1.45;\n            min-height: 68px;\n        }\n\n        .product-card .spec-attr {\n            font-weight: 530;\n            color: #163946;\n            padding-right: 1rem;\n            text-align: left;\n        }\n\n        .product-card .spec-value {\n            font-weight: 400;\n            color: #235062;\n            padding-left: 1rem;\n            text-align: left;\n        }\n\n        \/* \u811a\u6ce8\u88c5\u9970\uff0c\u4e0d\u5f71\u54cd\u8d2f\u7a7f\u7ebf *\/\n        .product-card .footer-note {\n            margin-top: 2.8rem;\n            border-top: 1px dashed #c0d2e2;\n            padding-top: 1.3rem;\n            font-size: 0.86rem;\n            color: #5f809b;\n            display: flex;\n            justify-content: space-between;\n            align-items: center;\n        }\n\n        .product-card .footer-note span:last-child {\n            background: #e8f0f8;\n            padding: 0.25rem 1rem;\n            border-radius: 40px;\n            font-family: monospace;\n            color: #1f5a7a;\n        }\n\n        \/* \u7a84\u5c4f\u9002\u914d *\/\n        @media (max-width: 600px) {\n            .product-card { padding: 1.5rem; }\n            .product-card .spec-grid {\n                grid-template-columns: 1.2fr 1.8fr;\n            }\n            .product-card .spec-cell,\n            .product-card .sub-cell {\n                font-size: 0.96rem;\n                padding: 0.9rem 0 0.8rem 0;\n            }\n        }\n    <\/style>\n<\/head>\n<body>\n    <div class=\"product-card\">\n        <div class=\"header\">\n            <h1>Informationen zum Produkt<\/h1>\n        <\/div>\n\n        <!-- \u7b2c\u4e00\u884c\uff1aTechnical Details \/ Collapse all (\u4e24\u5217\uff0c\u5b8c\u5168\u9760\u5de6\uff0c\u8d2f\u7a7f\u4e0b\u5212\u7ebf) -->\n        <div class=\"sub-header\">\n            <div class=\"sub-cell attr-light\">Technische Details<\/div>\n            <div class=\"sub-cell value-light\">Alle kollabieren<\/div>\n        <\/div>\n\n        <!-- \u7b2c\u4e8c\u884c\uff1aSummary \/ (\u53f3\u5217\u7559\u7a7a\u4f46\u4fdd\u7559\u5355\u5143\u683c\uff0c\u4fdd\u8bc1\u8d2f\u7a7f\u7ebf\u5b8c\u6574) \u6ce8\u610f\uff1a\u53f3\u5217\u653e\u4e00\u4e2a\u5360\u4f4d\u7b26\u201c\u2014\u201d\u6216\u7559\u7a7a\uff1f\u6839\u636e\u8981\u6c42\u5168\u90e8\u9760\u5de6\uff0c\u7559\u7a7a\u4e5f\u4fdd\u6301\u7ed3\u6784\u3002\u6b64\u5904\u653e\u4e00\u4e2a\u4e0d\u53ef\u89c1\u5360\u4f4d\u4fdd\u8bc1\u8fb9\u6846\u5b58\u5728\u3002\u4f46\u66f4\u597d\u653e\u4e00\u4e2a\u201c\u2013\u201d\u8868\u793a\u65e0\u503c\uff0c\u4f46\u4ecd\u8d2f\u7a7f -->\n        <div class=\"sub-header\">\n            <div class=\"sub-cell attr-light\">Zusammenfassung<\/div>\n            <div class=\"sub-cell value-light\">\u2013<\/div>\n        <\/div>\n\n        <!-- \u6570\u636e\u7f51\u683c\uff1a\u4ece Standing screen display size \u5f00\u59cb\uff0c\u517110\u884c -->\n        <div class=\"spec-grid\">\n            <!-- 1. Standing screen display size -->\n            <div class=\"spec-cell spec-attr\">Stehende Bildschirmgr\u00f6\u00dfe<\/div>\n            <div class=\"spec-cell spec-value\">10.1 Zoll<\/div>\n\n            <!-- 2. Screen Resolution -->\n            <div class=\"spec-cell spec-attr\">Bildschirmaufl\u00f6sung<\/div>\n            <div class=\"spec-cell spec-value\">1280 x 800 Pixel<\/div>\n\n            <!-- 3. Max Screen Resolution -->\n            <div class=\"spec-cell spec-attr\">Maximale Bildschirmaufl\u00f6sung<\/div>\n            <div class=\"spec-cell spec-value\">1280*800 Bildpunkte<\/div>\n\n            <!-- 4. Processor -->\n            <div class=\"spec-cell spec-attr\">Prozessor<\/div>\n            <div class=\"spec-cell spec-value\">2 GHz<\/div>\n\n            <!-- 5. RAM -->\n            <div class=\"spec-cell spec-attr\">RAM<\/div>\n            <div class=\"spec-cell spec-value\">22 GB<\/div>\n\n            <!-- 6. Graphics Coprocessor -->\n            <div class=\"spec-cell spec-attr\">Grafik Coprozessor<\/div>\n            <div class=\"spec-cell spec-value\">Mali-G57<\/div>\n\n            <!-- 7. Chipset Brand -->\n            <div class=\"spec-cell spec-attr\">Chipset Marke<\/div>\n            <div class=\"spec-cell spec-value\">ARM<\/div>\n\n            <!-- 8. Card Description -->\n            <div class=\"spec-cell spec-attr\">Karte Beschreibung<\/div>\n            <div class=\"spec-cell spec-value\">Integriert<\/div>\n\n            <!-- 9. Wireless Type (\u8f83\u957f\u7684\u6587\u672c) -->\n            <div class=\"spec-cell spec-attr\">Drahtlos Typ<\/div>\n            <div class=\"spec-cell spec-value\">802.11a, 802.11ac, 802.11b, 802.11g, 802.11n<\/div>\n\n            <!-- 10. Average Battery Life (in hours) -->\n            <div class=\"spec-cell spec-attr\">Durchschnittliche Akkulaufzeit (in Stunden)<\/div>\n            <div class=\"spec-cell spec-value\">8 Stunden<\/div>\n        <\/div>\n    <\/div>\n\n    <!-- \u5916\u90e8\u9694\u79bb\u6807\u8bb0\uff1a\u8bc1\u660e\u5361\u7247\u6837\u5f0f\u4e0d\u5f71\u54cd\u5176\u4ed6\u5143\u7d20 -->\n    <div style=\"position: fixed; bottom: 20px; right: 20px; background: #e0eefa; padding: 8px 20px; border-radius: 40px; font-size: 0.85rem; color: #1e5a78; box-shadow: 0 4px 12px rgba(16,48,70,0.1); border: 1px solid #b3d2ea; backdrop-filter: blur(4px);\">\n        \u2e3b \u5916\u90e8\u5143\u7d20\u4e0d\u53d7\u5361\u7247\u5f71\u54cd \u2e3b\n    <\/div>\n<\/body>\n<\/html>\t\t\t\t\t\t\t\t<\/div>\n\t\t\t\t<\/div>\n\t\t\t\t\t<\/div>\n\t\t\t\t<\/div>\n\t\t\t\t<\/div>","protected":false},"excerpt":{"rendered":"<h1 class=\"a-size-base-plus a-text-bold\">\u00dcber diesen Artikel<\/h1>\n<ul class=\"a-unordered-list a-vertical a-spacing-mini\">\n<li class=\"a-spacing-mini\">\n<p class=\"ds-markdown-paragraph\"><strong>Neue Konfiguration:<\/strong>\u00a0Auf diesem 10,1-Zoll-Tablet l\u00e4uft das neueste Android 14 mit einem 2,0-GHz-Okta-Core-Prozessor, der Multitasking und die Gesamtgeschwindigkeit f\u00fcr eine reibungslose Leistung erh\u00f6ht.<\/p>\n<p class=\"ds-markdown-paragraph\"><strong>Leistungssteigerung:<\/strong>\u00a0Mit 128 GB ROM + 22 GB RAM (6+16) und Unterst\u00fctzung f\u00fcr eine Erweiterung um bis zu 1 TB, bew\u00e4ltigt es Apps wie Netflix, Facebook und YouTube mit Leichtigkeit. Die Widevine L1-Zertifizierung sorgt f\u00fcr reibungsloses Streaming, Spiele und B\u00fcroanwendungen.<\/p>\n<p class=\"ds-markdown-paragraph\"><strong>Batterie-Upgrade:<\/strong>\u00a0Der integrierte 8000-mAh-Akku liefert bis zu 8 Stunden Videowiedergabe oder 5 Stunden Spielzeit - perfekt f\u00fcr ausgedehnte Unterhaltung und Surfen.<\/p>\n<p class=\"ds-markdown-paragraph\"><strong>Elegantes Design:<\/strong>\u00a0Mit einem schlanken Metallgeh\u00e4use mit geradem Profil und Starlight-Kameras (5MP + 8MP). Das 1280\u00d7800 LCD-Display filtert sch\u00e4dliches blaues Licht, um die Augen zu schonen und gleichzeitig ein scharfes Bild zu erhalten.<\/p>\n<p class=\"ds-markdown-paragraph\"><strong>Tragbar und praktisch:<\/strong>\u00a0Wird komplett mit Tastatur und Maus geliefert und l\u00e4sst sich leicht in einen leichten Laptop f\u00fcr Arbeit, Studium oder Unterhaltung unterwegs verwandeln.<\/p>\n<\/li>\n<\/ul>","protected":false},"featured_media":14423,"comment_status":"open","ping_status":"closed","template":"","meta":{"_acf_changed":false},"etheme_brands":[],"product_brand":[],"product_cat":[118],"product_tag":[],"class_list":{"0":"post-14422","1":"product","2":"type-product","3":"status-publish","4":"has-post-thumbnail","6":"product_cat-sale-shop","8":"first","9":"instock","10":"sale","11":"shipping-taxable","12":"purchasable","13":"product-type-simple"},"acf":[],"_links":{"self":[{"href":"https:\/\/domainunique.shop\/de\/wp-json\/wp\/v2\/product\/14422","targetHints":{"allow":["GET"]}}],"collection":[{"href":"https:\/\/domainunique.shop\/de\/wp-json\/wp\/v2\/product"}],"about":[{"href":"https:\/\/domainunique.shop\/de\/wp-json\/wp\/v2\/types\/product"}],"replies":[{"embeddable":true,"href":"https:\/\/domainunique.shop\/de\/wp-json\/wp\/v2\/comments?post=14422"}],"version-history":[{"count":4,"href":"https:\/\/domainunique.shop\/de\/wp-json\/wp\/v2\/product\/14422\/revisions"}],"predecessor-version":[{"id":14442,"href":"https:\/\/domainunique.shop\/de\/wp-json\/wp\/v2\/product\/14422\/revisions\/14442"}],"wp:featuredmedia":[{"embeddable":true,"href":"https:\/\/domainunique.shop\/de\/wp-json\/wp\/v2\/media\/14423"}],"wp:attachment":[{"href":"https:\/\/domainunique.shop\/de\/wp-json\/wp\/v2\/media?parent=14422"}],"wp:term":[{"taxonomy":"brand","embeddable":true,"href":"https:\/\/domainunique.shop\/de\/wp-json\/wp\/v2\/etheme_brands?post=14422"},{"taxonomy":"product_brand","embeddable":true,"href":"https:\/\/domainunique.shop\/de\/wp-json\/wp\/v2\/product_brand?post=14422"},{"taxonomy":"product_cat","embeddable":true,"href":"https:\/\/domainunique.shop\/de\/wp-json\/wp\/v2\/product_cat?post=14422"},{"taxonomy":"product_tag","embeddable":true,"href":"https:\/\/domainunique.shop\/de\/wp-json\/wp\/v2\/product_tag?post=14422"}],"curies":[{"name":"wp","href":"https:\/\/api.w.org\/{rel}","templated":true}]}}