{"id":14446,"date":"2026-03-08T02:19:24","date_gmt":"2026-03-08T02:19:24","guid":{"rendered":"https:\/\/domainunique.shop\/?post_type=product&#038;p=14446"},"modified":"2026-03-08T02:29:24","modified_gmt":"2026-03-08T02:29:24","slug":"new-soday-12-pots-and-pans-set-bnonstick-granite-cookware-set-non-toxic-healthy-nonstick-kitchen-cooking-set-with-frying-pans-saucepansglass-lidkitchenwarestock-up-on-specialsvalentines-day-g","status":"publish","type":"product","link":"https:\/\/domainunique.shop\/de\/produkt\/new-soday-12-pots-and-pans-set-bnonstick-granite-cookware-set-non-toxic-healthy-nonstick-kitchen-cooking-set-with-frying-pans-saucepansglass-lidkitchenwarestock-up-on-specialsvalentines-day-g\/","title":{"rendered":"[NEU] SODAY 12 T\u00f6pfe und Pfannen Set B,Antihaft-Granit-Kochgeschirr-Set,Ungiftig Gesundes Antihaft-Kochset mit Bratpfannen, Kocht\u00f6pfen,Glasdeckel,K\u00fcchengeschirr,Auf Vorrat kaufen,Geschenke zum Valentinstag"},"content":{"rendered":"<div data-elementor-type=\"product-post\" data-elementor-id=\"14446\" class=\"elementor elementor-14446\" data-elementor-post-type=\"product\">\n\t\t\t\t<div class=\"elementor-element elementor-element-60997dc6 e-flex e-con-boxed e-con e-parent\" data-id=\"60997dc6\" data-element_type=\"container\" data-settings=\"{&quot;ekit_has_onepagescroll_dot&quot;:&quot;yes&quot;}\">\n\t\t\t\t\t<div class=\"e-con-inner\">\n\t\t\t\t<div class=\"elementor-element elementor-element-5a23e411 elementor-widget elementor-widget-image\" data-id=\"5a23e411\" data-element_type=\"widget\" data-settings=\"{&quot;ekit_we_effect_on&quot;:&quot;none&quot;}\" data-widget_type=\"image.default\">\n\t\t\t\t<div class=\"elementor-widget-container\">\n\t\t\t\t\t\t\t\t\t\t\t\t\t\t\t<img loading=\"lazy\" decoding=\"async\" width=\"1464\" height=\"600\" src=\"https:\/\/domainunique.shop\/wp-content\/uploads\/2026\/03\/1-13.jpg\" class=\"attachment-full size-full wp-image-14461 wvs-archive-product-image\" alt=\"\" srcset=\"https:\/\/domainunique.shop\/wp-content\/uploads\/2026\/03\/1-13.jpg 1464w, https:\/\/domainunique.shop\/wp-content\/uploads\/2026\/03\/1-13-300x123.jpg 300w, https:\/\/domainunique.shop\/wp-content\/uploads\/2026\/03\/1-13-1024x420.jpg 1024w, https:\/\/domainunique.shop\/wp-content\/uploads\/2026\/03\/1-13-768x315.jpg 768w, https:\/\/domainunique.shop\/wp-content\/uploads\/2026\/03\/1-13-18x7.jpg 18w, https:\/\/domainunique.shop\/wp-content\/uploads\/2026\/03\/1-13-600x246.jpg 600w, https:\/\/domainunique.shop\/wp-content\/uploads\/2026\/03\/1-13-1x1.jpg 1w, https:\/\/domainunique.shop\/wp-content\/uploads\/2026\/03\/1-13-10x4.jpg 10w\" sizes=\"auto, (max-width: 1464px) 100vw, 1464px\" \/>\t\t\t\t\t\t\t\t\t\t\t\t\t\t\t<\/div>\n\t\t\t\t<\/div>\n\t\t\t\t<div class=\"elementor-element elementor-element-3cbee531 elementor-widget elementor-widget-image\" data-id=\"3cbee531\" data-element_type=\"widget\" data-settings=\"{&quot;ekit_we_effect_on&quot;:&quot;none&quot;}\" data-widget_type=\"image.default\">\n\t\t\t\t<div class=\"elementor-widget-container\">\n\t\t\t\t\t\t\t\t\t\t\t\t\t\t\t<img loading=\"lazy\" decoding=\"async\" width=\"1464\" height=\"600\" src=\"https:\/\/domainunique.shop\/wp-content\/uploads\/2026\/03\/2-9.jpg\" class=\"attachment-full size-full wp-image-14462 wvs-archive-product-image\" alt=\"\" srcset=\"https:\/\/domainunique.shop\/wp-content\/uploads\/2026\/03\/2-9.jpg 1464w, https:\/\/domainunique.shop\/wp-content\/uploads\/2026\/03\/2-9-300x123.jpg 300w, https:\/\/domainunique.shop\/wp-content\/uploads\/2026\/03\/2-9-1024x420.jpg 1024w, https:\/\/domainunique.shop\/wp-content\/uploads\/2026\/03\/2-9-768x315.jpg 768w, https:\/\/domainunique.shop\/wp-content\/uploads\/2026\/03\/2-9-18x7.jpg 18w, https:\/\/domainunique.shop\/wp-content\/uploads\/2026\/03\/2-9-600x246.jpg 600w, https:\/\/domainunique.shop\/wp-content\/uploads\/2026\/03\/2-9-1x1.jpg 1w, https:\/\/domainunique.shop\/wp-content\/uploads\/2026\/03\/2-9-10x4.jpg 10w\" sizes=\"auto, (max-width: 1464px) 100vw, 1464px\" \/>\t\t\t\t\t\t\t\t\t\t\t\t\t\t\t<\/div>\n\t\t\t\t<\/div>\n\t\t\t\t<div class=\"elementor-element elementor-element-39218608 elementor--h-position-center elementor--v-position-middle elementor-arrows-position-inside elementor-pagination-position-inside elementor-widget elementor-widget-slides\" data-id=\"39218608\" data-element_type=\"widget\" data-settings=\"{&quot;navigation&quot;:&quot;both&quot;,&quot;autoplay&quot;:&quot;yes&quot;,&quot;pause_on_hover&quot;:&quot;yes&quot;,&quot;pause_on_interaction&quot;:&quot;yes&quot;,&quot;autoplay_speed&quot;:5000,&quot;infinite&quot;:&quot;yes&quot;,&quot;transition&quot;:&quot;slide&quot;,&quot;transition_speed&quot;:500,&quot;ekit_we_effect_on&quot;:&quot;none&quot;}\" data-widget_type=\"slides.default\">\n\t\t\t\t<div class=\"elementor-widget-container\">\n\t\t\t\t\t\t\t\t\t<div class=\"elementor-swiper\">\r\n\t\t\t\t\t<div class=\"elementor-slides-wrapper elementor-main-swiper swiper\" role=\"region\" aria-roledescription=\"carousel\" aria-label=\"Dias\" dir=\"ltr\" data-animation=\"fadeInUp\">\r\n\t\t\t\t<div class=\"swiper-wrapper elementor-slides\">\r\n\t\t\t\t\t\t\t\t\t\t<div class=\"elementor-repeater-item-8bbf2e9 swiper-slide\" role=\"group\" aria-roledescription=\"slide\"><div class=\"swiper-slide-bg\" role=\"img\" aria-label=\"3-9.jpg\"><\/div><div class=\"swiper-slide-inner\" ><div class=\"swiper-slide-contents\"><\/div><\/div><\/div><div class=\"elementor-repeater-item-e1da83f swiper-slide\" role=\"group\" aria-roledescription=\"slide\"><div class=\"swiper-slide-bg\" role=\"img\" aria-label=\"4-9.jpg\"><\/div><div class=\"swiper-slide-inner\" ><div class=\"swiper-slide-contents\"><\/div><\/div><\/div><div class=\"elementor-repeater-item-5c8b6c6 swiper-slide\" role=\"group\" aria-roledescription=\"slide\"><div class=\"swiper-slide-bg\" role=\"img\" aria-label=\"5-8.jpg\"><\/div><div class=\"swiper-slide-inner\" ><div class=\"swiper-slide-contents\"><\/div><\/div><\/div><div class=\"elementor-repeater-item-558381d swiper-slide\" role=\"group\" aria-roledescription=\"slide\"><div class=\"swiper-slide-bg\" role=\"img\" aria-label=\"6-7.jpg\"><\/div><div class=\"swiper-slide-inner\" ><div class=\"swiper-slide-contents\"><\/div><\/div><\/div><div class=\"elementor-repeater-item-52c9d6b swiper-slide\" role=\"group\" aria-roledescription=\"slide\"><div class=\"swiper-slide-bg\" role=\"img\" aria-label=\"7-4.jpg\"><\/div><div class=\"swiper-slide-inner\" ><div class=\"swiper-slide-contents\"><\/div><\/div><\/div>\t\t\t\t<\/div>\r\n\t\t\t\t\t\t\t\t\t\t\t\t\t\t\t<div class=\"elementor-swiper-button elementor-swiper-button-prev\" role=\"button\" tabindex=\"0\" aria-label=\"Vorheriges Dia\">\r\n\t\t\t\t\t\t\t<svg aria-hidden=\"true\" class=\"e-font-icon-svg e-eicon-chevron-left\" viewbox=\"0 0 1000 1000\" xmlns=\"http:\/\/www.w3.org\/2000\/svg\"><path d=\"M646 125C629 125 613 133 604 142L308 442C296 454 292 471 292 487 292 504 296 521 308 533L604 854C617 867 629 875 646 875 663 875 679 871 692 858 704 846 713 829 713 812 713 796 708 779 692 767L438 487 692 225C700 217 708 204 708 187 708 171 704 154 692 142 675 129 663 125 646 125Z\"><\/path><\/svg>\t\t\t\t\t\t<\/div>\r\n\t\t\t\t\t\t<div class=\"elementor-swiper-button elementor-swiper-button-next\" role=\"button\" tabindex=\"0\" aria-label=\"N\u00e4chste Folie\">\r\n\t\t\t\t\t\t\t<svg aria-hidden=\"true\" class=\"e-font-icon-svg e-eicon-chevron-right\" viewbox=\"0 0 1000 1000\" xmlns=\"http:\/\/www.w3.org\/2000\/svg\"><path d=\"M696 533C708 521 713 504 713 487 713 471 708 454 696 446L400 146C388 133 375 125 354 125 338 125 325 129 313 142 300 154 292 171 292 187 292 204 296 221 308 233L563 492 304 771C292 783 288 800 288 817 288 833 296 850 308 863 321 871 338 875 354 875 371 875 388 867 400 854L696 533Z\"><\/path><\/svg>\t\t\t\t\t\t<\/div>\r\n\t\t\t\t\t\t\t\t\t\t\t\t\t\t\t\t<div class=\"swiper-pagination\"><\/div>\r\n\t\t\t\t\t\t\t\t\t\t\t\t<\/div>\r\n\t\t\t\t<\/div>\r\n\t\t\t\t\t\t\t\t<\/div>\n\t\t\t\t<\/div>\n\t\t\t\t<div class=\"elementor-element elementor-element-2ca193ce elementor-widget elementor-widget-image\" data-id=\"2ca193ce\" data-element_type=\"widget\" data-settings=\"{&quot;ekit_we_effect_on&quot;:&quot;none&quot;}\" data-widget_type=\"image.default\">\n\t\t\t\t<div class=\"elementor-widget-container\">\n\t\t\t\t\t\t\t\t\t\t\t\t\t\t\t<img loading=\"lazy\" decoding=\"async\" width=\"1464\" height=\"600\" src=\"https:\/\/domainunique.shop\/wp-content\/uploads\/2026\/03\/8-2.jpg\" class=\"attachment-full size-full wp-image-14468 wvs-archive-product-image\" alt=\"\" srcset=\"https:\/\/domainunique.shop\/wp-content\/uploads\/2026\/03\/8-2.jpg 1464w, https:\/\/domainunique.shop\/wp-content\/uploads\/2026\/03\/8-2-300x123.jpg 300w, https:\/\/domainunique.shop\/wp-content\/uploads\/2026\/03\/8-2-1024x420.jpg 1024w, https:\/\/domainunique.shop\/wp-content\/uploads\/2026\/03\/8-2-768x315.jpg 768w, https:\/\/domainunique.shop\/wp-content\/uploads\/2026\/03\/8-2-18x7.jpg 18w, https:\/\/domainunique.shop\/wp-content\/uploads\/2026\/03\/8-2-600x246.jpg 600w, https:\/\/domainunique.shop\/wp-content\/uploads\/2026\/03\/8-2-1x1.jpg 1w, https:\/\/domainunique.shop\/wp-content\/uploads\/2026\/03\/8-2-10x4.jpg 10w\" sizes=\"auto, (max-width: 1464px) 100vw, 1464px\" \/>\t\t\t\t\t\t\t\t\t\t\t\t\t\t\t<\/div>\n\t\t\t\t<\/div>\n\t\t\t\t<div class=\"elementor-element elementor-element-5e4ad2d9 elementor--h-position-center elementor--v-position-middle elementor-arrows-position-inside elementor-pagination-position-inside elementor-widget elementor-widget-slides\" data-id=\"5e4ad2d9\" data-element_type=\"widget\" data-settings=\"{&quot;navigation&quot;:&quot;both&quot;,&quot;autoplay&quot;:&quot;yes&quot;,&quot;pause_on_hover&quot;:&quot;yes&quot;,&quot;pause_on_interaction&quot;:&quot;yes&quot;,&quot;autoplay_speed&quot;:5000,&quot;infinite&quot;:&quot;yes&quot;,&quot;transition&quot;:&quot;slide&quot;,&quot;transition_speed&quot;:500,&quot;ekit_we_effect_on&quot;:&quot;none&quot;}\" data-widget_type=\"slides.default\">\n\t\t\t\t<div class=\"elementor-widget-container\">\n\t\t\t\t\t\t\t\t\t<div class=\"elementor-swiper\">\r\n\t\t\t\t\t<div class=\"elementor-slides-wrapper elementor-main-swiper swiper\" role=\"region\" aria-roledescription=\"carousel\" aria-label=\"Dias\" dir=\"ltr\" data-animation=\"fadeInUp\">\r\n\t\t\t\t<div class=\"swiper-wrapper elementor-slides\">\r\n\t\t\t\t\t\t\t\t\t\t<div class=\"elementor-repeater-item-8bbf2e9 swiper-slide\" role=\"group\" aria-roledescription=\"slide\"><div class=\"swiper-slide-bg\" role=\"img\" aria-label=\"9-2.jpg\"><\/div><div class=\"swiper-slide-inner\" ><div class=\"swiper-slide-contents\"><\/div><\/div><\/div><div class=\"elementor-repeater-item-e1da83f swiper-slide\" role=\"group\" aria-roledescription=\"slide\"><div class=\"swiper-slide-bg\" role=\"img\" aria-label=\"10-2.jpg\"><\/div><div class=\"swiper-slide-inner\" ><div class=\"swiper-slide-contents\"><\/div><\/div><\/div><div class=\"elementor-repeater-item-5c8b6c6 swiper-slide\" role=\"group\" aria-roledescription=\"slide\"><div class=\"swiper-slide-bg\" role=\"img\" aria-label=\"11-2.jpg\"><\/div><div class=\"swiper-slide-inner\" ><div class=\"swiper-slide-contents\"><\/div><\/div><\/div>\t\t\t\t<\/div>\r\n\t\t\t\t\t\t\t\t\t\t\t\t\t\t\t<div class=\"elementor-swiper-button elementor-swiper-button-prev\" role=\"button\" tabindex=\"0\" aria-label=\"Vorheriges Dia\">\r\n\t\t\t\t\t\t\t<svg aria-hidden=\"true\" class=\"e-font-icon-svg e-eicon-chevron-left\" viewbox=\"0 0 1000 1000\" xmlns=\"http:\/\/www.w3.org\/2000\/svg\"><path d=\"M646 125C629 125 613 133 604 142L308 442C296 454 292 471 292 487 292 504 296 521 308 533L604 854C617 867 629 875 646 875 663 875 679 871 692 858 704 846 713 829 713 812 713 796 708 779 692 767L438 487 692 225C700 217 708 204 708 187 708 171 704 154 692 142 675 129 663 125 646 125Z\"><\/path><\/svg>\t\t\t\t\t\t<\/div>\r\n\t\t\t\t\t\t<div class=\"elementor-swiper-button elementor-swiper-button-next\" role=\"button\" tabindex=\"0\" aria-label=\"N\u00e4chste Folie\">\r\n\t\t\t\t\t\t\t<svg aria-hidden=\"true\" class=\"e-font-icon-svg e-eicon-chevron-right\" viewbox=\"0 0 1000 1000\" xmlns=\"http:\/\/www.w3.org\/2000\/svg\"><path d=\"M696 533C708 521 713 504 713 487 713 471 708 454 696 446L400 146C388 133 375 125 354 125 338 125 325 129 313 142 300 154 292 171 292 187 292 204 296 221 308 233L563 492 304 771C292 783 288 800 288 817 288 833 296 850 308 863 321 871 338 875 354 875 371 875 388 867 400 854L696 533Z\"><\/path><\/svg>\t\t\t\t\t\t<\/div>\r\n\t\t\t\t\t\t\t\t\t\t\t\t\t\t\t\t<div class=\"swiper-pagination\"><\/div>\r\n\t\t\t\t\t\t\t\t\t\t\t\t<\/div>\r\n\t\t\t\t<\/div>\r\n\t\t\t\t\t\t\t\t<\/div>\n\t\t\t\t<\/div>\n\t\t\t\t<div class=\"elementor-element elementor-element-395cd803 elementor--h-position-center elementor--v-position-middle elementor-arrows-position-inside elementor-pagination-position-inside elementor-widget elementor-widget-slides\" data-id=\"395cd803\" data-element_type=\"widget\" data-settings=\"{&quot;navigation&quot;:&quot;both&quot;,&quot;autoplay&quot;:&quot;yes&quot;,&quot;pause_on_hover&quot;:&quot;yes&quot;,&quot;pause_on_interaction&quot;:&quot;yes&quot;,&quot;autoplay_speed&quot;:5000,&quot;infinite&quot;:&quot;yes&quot;,&quot;transition&quot;:&quot;slide&quot;,&quot;transition_speed&quot;:500,&quot;ekit_we_effect_on&quot;:&quot;none&quot;}\" data-widget_type=\"slides.default\">\n\t\t\t\t<div class=\"elementor-widget-container\">\n\t\t\t\t\t\t\t\t\t<div class=\"elementor-swiper\">\r\n\t\t\t\t\t<div class=\"elementor-slides-wrapper elementor-main-swiper swiper\" role=\"region\" aria-roledescription=\"carousel\" aria-label=\"Dias\" dir=\"ltr\" data-animation=\"fadeInUp\">\r\n\t\t\t\t<div class=\"swiper-wrapper elementor-slides\">\r\n\t\t\t\t\t\t\t\t\t\t<div class=\"elementor-repeater-item-8bbf2e9 swiper-slide\" role=\"group\" aria-roledescription=\"slide\"><div class=\"swiper-slide-bg\" role=\"img\" aria-label=\"12-2.jpg\"><\/div><div class=\"swiper-slide-inner\" ><div class=\"swiper-slide-contents\"><\/div><\/div><\/div><div class=\"elementor-repeater-item-e1da83f swiper-slide\" role=\"group\" aria-roledescription=\"slide\"><div class=\"swiper-slide-bg\" role=\"img\" aria-label=\"13.jpg\"><\/div><div class=\"swiper-slide-inner\" ><div class=\"swiper-slide-contents\"><\/div><\/div><\/div>\t\t\t\t<\/div>\r\n\t\t\t\t\t\t\t\t\t\t\t\t\t\t\t<div class=\"elementor-swiper-button elementor-swiper-button-prev\" role=\"button\" tabindex=\"0\" aria-label=\"Vorheriges Dia\">\r\n\t\t\t\t\t\t\t<svg aria-hidden=\"true\" class=\"e-font-icon-svg e-eicon-chevron-left\" viewbox=\"0 0 1000 1000\" xmlns=\"http:\/\/www.w3.org\/2000\/svg\"><path d=\"M646 125C629 125 613 133 604 142L308 442C296 454 292 471 292 487 292 504 296 521 308 533L604 854C617 867 629 875 646 875 663 875 679 871 692 858 704 846 713 829 713 812 713 796 708 779 692 767L438 487 692 225C700 217 708 204 708 187 708 171 704 154 692 142 675 129 663 125 646 125Z\"><\/path><\/svg>\t\t\t\t\t\t<\/div>\r\n\t\t\t\t\t\t<div class=\"elementor-swiper-button elementor-swiper-button-next\" role=\"button\" tabindex=\"0\" aria-label=\"N\u00e4chste Folie\">\r\n\t\t\t\t\t\t\t<svg aria-hidden=\"true\" class=\"e-font-icon-svg e-eicon-chevron-right\" viewbox=\"0 0 1000 1000\" xmlns=\"http:\/\/www.w3.org\/2000\/svg\"><path d=\"M696 533C708 521 713 504 713 487 713 471 708 454 696 446L400 146C388 133 375 125 354 125 338 125 325 129 313 142 300 154 292 171 292 187 292 204 296 221 308 233L563 492 304 771C292 783 288 800 288 817 288 833 296 850 308 863 321 871 338 875 354 875 371 875 388 867 400 854L696 533Z\"><\/path><\/svg>\t\t\t\t\t\t<\/div>\r\n\t\t\t\t\t\t\t\t\t\t\t\t\t\t\t\t<div class=\"swiper-pagination\"><\/div>\r\n\t\t\t\t\t\t\t\t\t\t\t\t<\/div>\r\n\t\t\t\t<\/div>\r\n\t\t\t\t\t\t\t\t<\/div>\n\t\t\t\t<\/div>\n\t\t\t\t<div class=\"elementor-element elementor-element-29a945de elementor-widget elementor-widget-image\" data-id=\"29a945de\" data-element_type=\"widget\" data-settings=\"{&quot;ekit_we_effect_on&quot;:&quot;none&quot;}\" data-widget_type=\"image.default\">\n\t\t\t\t<div class=\"elementor-widget-container\">\n\t\t\t\t\t\t\t\t\t\t\t\t\t\t\t<img loading=\"lazy\" decoding=\"async\" width=\"1464\" height=\"600\" src=\"https:\/\/domainunique.shop\/wp-content\/uploads\/2026\/03\/14.jpg\" class=\"attachment-full size-full wp-image-14474 wvs-archive-product-image\" alt=\"\" srcset=\"https:\/\/domainunique.shop\/wp-content\/uploads\/2026\/03\/14.jpg 1464w, https:\/\/domainunique.shop\/wp-content\/uploads\/2026\/03\/14-300x123.jpg 300w, https:\/\/domainunique.shop\/wp-content\/uploads\/2026\/03\/14-1024x420.jpg 1024w, https:\/\/domainunique.shop\/wp-content\/uploads\/2026\/03\/14-768x315.jpg 768w, https:\/\/domainunique.shop\/wp-content\/uploads\/2026\/03\/14-18x7.jpg 18w, https:\/\/domainunique.shop\/wp-content\/uploads\/2026\/03\/14-600x246.jpg 600w, https:\/\/domainunique.shop\/wp-content\/uploads\/2026\/03\/14-1x1.jpg 1w, https:\/\/domainunique.shop\/wp-content\/uploads\/2026\/03\/14-10x4.jpg 10w\" sizes=\"auto, (max-width: 1464px) 100vw, 1464px\" \/>\t\t\t\t\t\t\t\t\t\t\t\t\t\t\t<\/div>\n\t\t\t\t<\/div>\n\t\t\t\t<div class=\"elementor-element elementor-element-47f3eecb elementor-widget elementor-widget-text-editor\" data-id=\"47f3eecb\" data-element_type=\"widget\" data-settings=\"{&quot;ekit_we_effect_on&quot;:&quot;none&quot;}\" data-widget_type=\"text-editor.default\">\n\t\t\t\t<div class=\"elementor-widget-container\">\n\t\t\t\t\t\t\t\t\t<table class=\"specs-table\">\n    <tr>\n        <td>Informationen zum Produkt<\/td>\n        <td><\/td>\n    <\/tr>\n    <tr>\n        <td>Material<\/td>\n        <td><span class=\"material-badge\">Silikon<\/span><\/td>\n    <\/tr>\n    <tr>\n        <td>Material des Griffs<\/td>\n        <td><span class=\"handle-badge\">Bakelit<\/span><\/td>\n    <\/tr>\n    <tr>\n        <td>Material des Verschlusses<\/td>\n        <td>\n            <div class=\"closure-container\">\n                <span class=\"closure-tag\">Aluminium<\/span>\n                <span class=\"closure-tag\">Granit<\/span>\n            <\/div>\n        <\/td>\n    <\/tr>\n    <tr>\n        <td>Artikel Gewicht<\/td>\n        <td><span class=\"weight-badge\">5.94 Kilogramm<\/span> \/ <span class=\"weight-badge\">13.07 Pfund<\/span><\/td>\n    <\/tr>\n    <tr>\n        <td>Produkt Abmessungen<\/td>\n        <td class=\"dimension-value\">24,6 x 15,54 x 6,69 Zoll<\/td>\n    <\/tr>\n<\/table>\n\n<style>\n    .specs-table {\n        width: 100%;\n        border-collapse: collapse;\n        font-family: 'Segoe UI', Arial, sans-serif;\n        font-size: 14px;\n    }\n    .specs-table tr {\n        border-bottom: 1px solid #e0e0e0;\n    }\n    .specs-table td {\n        padding: 12px 0;\n        text-align: left;\n        vertical-align: top;\n    }\n    .specs-table td:first-child {\n        font-weight: 600;\n        width: 30%;\n        color: #2c3e50;\n    }\n    .specs-table td:last-child {\n        width: 70%;\n    }\n    .material-badge {\n        background-color: #f3e5f5;\n        color: #7b1fa2;\n        padding: 8px 16px;\n        border-radius: 4px;\n        font-weight: 600;\n        display: inline-block;\n        border: 1px solid #e1bee7;\n    }\n    .handle-badge {\n        background-color: #e8f5e9;\n        color: #2e7d32;\n        padding: 8px 16px;\n        border-radius: 4px;\n        font-weight: 600;\n        display: inline-block;\n        border: 1px solid #c8e6c9;\n    }\n    .closure-container {\n        display: flex;\n        flex-wrap: wrap;\n        gap: 8px;\n    }\n    .closure-tag {\n        background-color: #fff8e1;\n        color: #ff8f00;\n        padding: 6px 12px;\n        border-radius: 4px;\n        font-size: 13px;\n        display: inline-block;\n        border: 1px solid #ffecb3;\n    }\n    .weight-badge {\n        background-color: #e3f2fd;\n        color: #1565c0;\n        padding: 8px 16px;\n        border-radius: 4px;\n        font-weight: 600;\n        display: inline-block;\n        border: 1px solid #bbdefb;\n    }\n    .dimension-value {\n        font-family: 'Consolas', 'Courier New', monospace;\n        font-weight: 600;\n        color: #333;\n    }\n<\/style>\t\t\t\t\t\t\t\t<\/div>\n\t\t\t\t<\/div>\n\t\t\t\t\t<\/div>\n\t\t\t\t<\/div>\n\t\t\t\t<\/div>","protected":false},"excerpt":{"rendered":"<p>Product information Material Silicone Handle Material Bakelite Closure Material Aluminum Granite Item Weight 5.94 Kilograms \/ 13.07 pounds Product Dimensions&#8230;<\/p>","protected":false},"featured_media":14449,"comment_status":"open","ping_status":"closed","template":"","meta":{"_acf_changed":false},"etheme_brands":[],"product_brand":[],"product_cat":[118],"product_tag":[],"class_list":{"0":"post-14446","1":"product","2":"type-product","3":"status-publish","4":"has-post-thumbnail","6":"product_cat-sale-shop","8":"first","9":"instock","10":"sale","11":"shipping-taxable","12":"purchasable","13":"product-type-variable","14":"has-default-attributes","15":"wvs-archive-product-wrapper"},"acf":[],"_links":{"self":[{"href":"https:\/\/domainunique.shop\/de\/wp-json\/wp\/v2\/product\/14446","targetHints":{"allow":["GET"]}}],"collection":[{"href":"https:\/\/domainunique.shop\/de\/wp-json\/wp\/v2\/product"}],"about":[{"href":"https:\/\/domainunique.shop\/de\/wp-json\/wp\/v2\/types\/product"}],"replies":[{"embeddable":true,"href":"https:\/\/domainunique.shop\/de\/wp-json\/wp\/v2\/comments?post=14446"}],"version-history":[{"count":4,"href":"https:\/\/domainunique.shop\/de\/wp-json\/wp\/v2\/product\/14446\/revisions"}],"predecessor-version":[{"id":14482,"href":"https:\/\/domainunique.shop\/de\/wp-json\/wp\/v2\/product\/14446\/revisions\/14482"}],"wp:featuredmedia":[{"embeddable":true,"href":"https:\/\/domainunique.shop\/de\/wp-json\/wp\/v2\/media\/14449"}],"wp:attachment":[{"href":"https:\/\/domainunique.shop\/de\/wp-json\/wp\/v2\/media?parent=14446"}],"wp:term":[{"taxonomy":"brand","embeddable":true,"href":"https:\/\/domainunique.shop\/de\/wp-json\/wp\/v2\/etheme_brands?post=14446"},{"taxonomy":"product_brand","embeddable":true,"href":"https:\/\/domainunique.shop\/de\/wp-json\/wp\/v2\/product_brand?post=14446"},{"taxonomy":"product_cat","embeddable":true,"href":"https:\/\/domainunique.shop\/de\/wp-json\/wp\/v2\/product_cat?post=14446"},{"taxonomy":"product_tag","embeddable":true,"href":"https:\/\/domainunique.shop\/de\/wp-json\/wp\/v2\/product_tag?post=14446"}],"curies":[{"name":"wp","href":"https:\/\/api.w.org\/{rel}","templated":true}]}}