{"id":14585,"date":"2026-04-02T03:17:37","date_gmt":"2026-04-02T03:17:37","guid":{"rendered":"https:\/\/domainunique.shop\/?post_type=product&#038;p=14585"},"modified":"2026-04-02T03:34:59","modified_gmt":"2026-04-02T03:34:59","slug":"oukitel-c61-telefonos-moviles-libres-android-15-16gb412128gb-1tb-smartphone-6-88-hd-90hz-telefono-movil-bateria-5150mah-movil-4g-dual-sim-face-id-fingerprint-gps-otg","status":"publish","type":"product","link":"https:\/\/domainunique.shop\/es\/producto\/oukitel-c61-telefonos-moviles-libres-android-15-16gb412128gb-1tb-smartphone-6-88-hd-90hz-telefono-movil-bateria-5150mah-movil-4g-dual-sim-face-id-fingerprint-gps-otg\/","title":{"rendered":"OUKITEL C61 Tel\u00e9fonos M\u00f3viles Libres Android 15, 16GB(4+12)+128GB\/1TB Smartphone, 6.88\u2033 HD+ 90Hz Telefono Movil, Bater\u00eda 5150mAh movil, 4G Dual SIM\/Face ID\/Fingerprint\/GPS\/OTG,"},"content":{"rendered":"<p>https:\/\/teal-lobster-750471.hostingersite.com\/wp-content\/uploads\/2026\/01\/30ef30cf-4b70-4fce-82ea-1bc4e4ae2146.mp4 Technical Details<br \/>\n    <strong>Fabricante<\/strong><br \/>\n    <strong>OUKITEL<\/strong><br \/>\n    <strong>N\u00famero de modelo del art\u00edculo<\/strong><br \/>\n    <strong>OUKITEL C61<\/strong><br \/>\n    <strong>Dimensiones del paquete<\/strong><br \/>\n    <strong>24,2 x 17,6 x 6,5 cm; 470 g<\/strong><br \/>\n    <strong>ASIN<\/strong><br \/>\n    <strong>B0F6YQ56KY<\/strong><br \/>\n    <strong>Actualizaciones de software garantizadas hasta<\/strong><br \/>\n    <strong>desconocido<\/strong><\/p>\n<style>\n.technical-table {\n  width: 100%;\n  border-top: 1px solid #000;\n  font-family: Arial, sans-serif;\n}\n.technical-row {\n  display: flex;\n  border-bottom: 1px solid #000;\n  padding: 12px 0;\n}\n.technical-label {\n  flex: 1;\n  font-weight: bold;\n  min-width: 200px;\n  padding-right: 20px;\n}\n.technical-value {\n  flex: 1;\n  min-width: 200px;\n}\n<\/style>\n<p>\t\t\t\t\t\t\t<svg aria-hidden=\"true\" viewbox=\"0 0 1000 1000\" xmlns=\"http:\/\/www.w3.org\/2000\/svg\"><path d=\"M646 125C629 125 613 133 604 142L308 442C296 454 292 471 292 487 292 504 296 521 308 533L604 854C617 867 629 875 646 875 663 875 679 871 692 858 704 846 713 829 713 812 713 796 708 779 692 767L438 487 692 225C700 217 708 204 708 187 708 171 704 154 692 142 675 129 663 125 646 125Z\"><\/path><\/svg><br \/>\n\t\t\t\t\t\t\t<svg aria-hidden=\"true\" viewbox=\"0 0 1000 1000\" xmlns=\"http:\/\/www.w3.org\/2000\/svg\"><path d=\"M696 533C708 521 713 504 713 487 713 471 708 454 696 446L400 146C388 133 375 125 354 125 338 125 325 129 313 142 300 154 292 171 292 187 292 204 296 221 308 233L563 492 304 771C292 783 288 800 288 817 288 833 296 850 308 863 321 871 338 875 354 875 371 875 388 867 400 854L696 533Z\"><\/path><\/svg><br \/>\n\t\t\t\t\t\t\t<svg aria-hidden=\"true\" viewbox=\"0 0 1000 1000\" xmlns=\"http:\/\/www.w3.org\/2000\/svg\"><path d=\"M646 125C629 125 613 133 604 142L308 442C296 454 292 471 292 487 292 504 296 521 308 533L604 854C617 867 629 875 646 875 663 875 679 871 692 858 704 846 713 829 713 812 713 796 708 779 692 767L438 487 692 225C700 217 708 204 708 187 708 171 704 154 692 142 675 129 663 125 646 125Z\"><\/path><\/svg><br \/>\n\t\t\t\t\t\t\t<svg aria-hidden=\"true\" viewbox=\"0 0 1000 1000\" xmlns=\"http:\/\/www.w3.org\/2000\/svg\"><path d=\"M696 533C708 521 713 504 713 487 713 471 708 454 696 446L400 146C388 133 375 125 354 125 338 125 325 129 313 142 300 154 292 171 292 187 292 204 296 221 308 233L563 492 304 771C292 783 288 800 288 817 288 833 296 850 308 863 321 871 338 875 354 875 371 875 388 867 400 854L696 533Z\"><\/path><\/svg><br \/>\n\t\t\t\t\t\t\t<svg aria-hidden=\"true\" viewbox=\"0 0 1000 1000\" xmlns=\"http:\/\/www.w3.org\/2000\/svg\"><path d=\"M646 125C629 125 613 133 604 142L308 442C296 454 292 471 292 487 292 504 296 521 308 533L604 854C617 867 629 875 646 875 663 875 679 871 692 858 704 846 713 829 713 812 713 796 708 779 692 767L438 487 692 225C700 217 708 204 708 187 708 171 704 154 692 142 675 129 663 125 646 125Z\"><\/path><\/svg><br \/>\n\t\t\t\t\t\t\t<svg aria-hidden=\"true\" viewbox=\"0 0 1000 1000\" xmlns=\"http:\/\/www.w3.org\/2000\/svg\"><path d=\"M696 533C708 521 713 504 713 487 713 471 708 454 696 446L400 146C388 133 375 125 354 125 338 125 325 129 313 142 300 154 292 171 292 187 292 204 296 221 308 233L563 492 304 771C292 783 288 800 288 817 288 833 296 850 308 863 321 871 338 875 354 875 371 875 388 867 400 854L696 533Z\"><\/path><\/svg><br \/>\n\t\t\t\t\t\t\t\t\t\t1 C\u00e1mara de 13 MP + 5 MP2 C\u00e1mara principal de 13 MP3 C\u00e1mara frontal de 5 MP<br \/>\n\t\t\t\t\t\t\t<svg aria-hidden=\"true\" viewbox=\"0 0 1000 1000\" xmlns=\"http:\/\/www.w3.org\/2000\/svg\"><path d=\"M646 125C629 125 613 133 604 142L308 442C296 454 292 471 292 487 292 504 296 521 308 533L604 854C617 867 629 875 646 875 663 875 679 871 692 858 704 846 713 829 713 812 713 796 708 779 692 767L438 487 692 225C700 217 708 204 708 187 708 171 704 154 692 142 675 129 663 125 646 125Z\"><\/path><\/svg><br \/>\n\t\t\t\t\t\t\t<svg aria-hidden=\"true\" viewbox=\"0 0 1000 1000\" xmlns=\"http:\/\/www.w3.org\/2000\/svg\"><path d=\"M696 533C708 521 713 504 713 487 713 471 708 454 696 446L400 146C388 133 375 125 354 125 338 125 325 129 313 142 300 154 292 171 292 187 292 204 296 221 308 233L563 492 304 771C292 783 288 800 288 817 288 833 296 850 308 863 321 871 338 875 354 875 371 875 388 867 400 854L696 533Z\"><\/path><\/svg><br \/>\n\t\t\t\t\t\t\t<svg aria-hidden=\"true\" viewbox=\"0 0 1000 1000\" xmlns=\"http:\/\/www.w3.org\/2000\/svg\"><path d=\"M646 125C629 125 613 133 604 142L308 442C296 454 292 471 292 487 292 504 296 521 308 533L604 854C617 867 629 875 646 875 663 875 679 871 692 858 704 846 713 829 713 812 713 796 708 779 692 767L438 487 692 225C700 217 708 204 708 187 708 171 704 154 692 142 675 129 663 125 646 125Z\"><\/path><\/svg><br \/>\n\t\t\t\t\t\t\t<svg aria-hidden=\"true\" viewbox=\"0 0 1000 1000\" xmlns=\"http:\/\/www.w3.org\/2000\/svg\"><path d=\"M696 533C708 521 713 504 713 487 713 471 708 454 696 446L400 146C388 133 375 125 354 125 338 125 325 129 313 142 300 154 292 171 292 187 292 204 296 221 308 233L563 492 304 771C292 783 288 800 288 817 288 833 296 850 308 863 321 871 338 875 354 875 371 875 388 867 400 854L696 533Z\"><\/path><\/svg><br \/>\n\t\t\t\t\t\t\t<svg aria-hidden=\"true\" viewbox=\"0 0 1000 1000\" xmlns=\"http:\/\/www.w3.org\/2000\/svg\"><path d=\"M646 125C629 125 613 133 604 142L308 442C296 454 292 471 292 487 292 504 296 521 308 533L604 854C617 867 629 875 646 875 663 875 679 871 692 858 704 846 713 829 713 812 713 796 708 779 692 767L438 487 692 225C700 217 708 204 708 187 708 171 704 154 692 142 675 129 663 125 646 125Z\"><\/path><\/svg><br \/>\n\t\t\t\t\t\t\t<svg aria-hidden=\"true\" viewbox=\"0 0 1000 1000\" xmlns=\"http:\/\/www.w3.org\/2000\/svg\"><path d=\"M696 533C708 521 713 504 713 487 713 471 708 454 696 446L400 146C388 133 375 125 354 125 338 125 325 129 313 142 300 154 292 171 292 187 292 204 296 221 308 233L563 492 304 771C292 783 288 800 288 817 288 833 296 850 308 863 321 871 338 875 354 875 371 875 388 867 400 854L696 533Z\"><\/path><\/svg>\t\t\t\t\t\t<\/p>\n<figure><img decoding=\"async\" src=\"https:\/\/teal-lobster-750471.hostingersite.com\/wp-content\/uploads\/2026\/01\/00691d70-1128-4948-983f-b2cfd01ba3ca.__CR00362453_PT0_SX362_V1___.png\" alt=\"00691d70-1128-4948-983f-b2cfd01ba3ca.__CR0,0,362,453_PT0_SX362_V1___\" \/><\/figure>\n<figure><img decoding=\"async\" src=\"https:\/\/teal-lobster-750471.hostingersite.com\/wp-content\/uploads\/2026\/01\/436b41ad-b9ce-4fb9-9e13-8c26fc8b9a6e.__CR00362453_PT0_SX362_V1___.png\" alt=\"436b41ad-b9ce-4fb9-9e13-8c26fc8b9a6e.__CR0,0,362,453_PT0_SX362_V1___\" \/><\/figure>\n<figure><img decoding=\"async\" src=\"https:\/\/teal-lobster-750471.hostingersite.com\/wp-content\/uploads\/2026\/01\/c89edd2a-1d1f-47ac-99b7-9ea65d7770b3.__CR00362453_PT0_SX362_V1___.png\" alt=\"c89edd2a-1d1f-47ac-99b7-9ea65d7770b3.__CR0,0,362,453_PT0_SX362_V1___\" \/><\/figure>\n<figure><img decoding=\"async\" src=\"https:\/\/teal-lobster-750471.hostingersite.com\/wp-content\/uploads\/2026\/01\/6d359456-7f43-41a0-96fa-33748b45fffa.__CR00362453_PT0_SX362_V1___.png\" alt=\"6d359456-7f43-41a0-96fa-33748b45fffa.__CR0,0,362,453_PT0_SX362_V1___\" \/><\/figure>\n<figure><img decoding=\"async\" src=\"https:\/\/teal-lobster-750471.hostingersite.com\/wp-content\/uploads\/2026\/01\/e4920c3b-3c2b-4e99-89fa-22cd0e8f2cc1.__CR00362453_PT0_SX362_V1___.png\" alt=\"e4920c3b-3c2b-4e99-89fa-22cd0e8f2cc1.__CR0,0,362,453_PT0_SX362_V1___\" \/><\/figure>\n<figure><img decoding=\"async\" src=\"https:\/\/teal-lobster-750471.hostingersite.com\/wp-content\/uploads\/2026\/01\/92e6eb33-cc44-41e9-b7a6-fdfad2f8df4b.__CR00362453_PT0_SX362_V1___.png\" alt=\"92e6eb33-cc44-41e9-b7a6-fdfad2f8df4b.__CR0,0,362,453_PT0_SX362_V1___\" \/><\/figure>\n<figure><img decoding=\"async\" src=\"https:\/\/teal-lobster-750471.hostingersite.com\/wp-content\/uploads\/2026\/01\/c3d57cdc-f0f3-4557-a81b-c04928aab47b.__CR00362453_PT0_SX362_V1___.png\" alt=\"c3d57cdc-f0f3-4557-a81b-c04928aab47b.__CR0,0,362,453_PT0_SX362_V1___\" \/><\/figure>\n<figure><img decoding=\"async\" src=\"https:\/\/teal-lobster-750471.hostingersite.com\/wp-content\/uploads\/2026\/01\/176e6783-fb4a-4633-ab0e-88f2b240890f.__CR00362453_PT0_SX362_V1___.png\" alt=\"176e6783-fb4a-4633-ab0e-88f2b240890f.__CR0,0,362,453_PT0_SX362_V1___\" \/><\/figure>\n<figure><img decoding=\"async\" src=\"https:\/\/teal-lobster-750471.hostingersite.com\/wp-content\/uploads\/2026\/01\/c512820c-5041-4fec-95b6-f804a6fb3eef.__CR00362453_PT0_SX362_V1___.png\" alt=\"c512820c-5041-4fec-95b6-f804a6fb3eef.__CR0,0,362,453_PT0_SX362_V1___\" \/><\/figure>\n<p>\t\t\t\t\t\t<svg aria-hidden=\"true\" viewbox=\"0 0 1000 1000\" xmlns=\"http:\/\/www.w3.org\/2000\/svg\"><path d=\"M646 125C629 125 613 133 604 142L308 442C296 454 292 471 292 487 292 504 296 521 308 533L604 854C617 867 629 875 646 875 663 875 679 871 692 858 704 846 713 829 713 812 713 796 708 779 692 767L438 487 692 225C700 217 708 204 708 187 708 171 704 154 692 142 675 129 663 125 646 125Z\"><\/path><\/svg><br \/>\n\t\t\t\t\t\t<svg aria-hidden=\"true\" viewbox=\"0 0 1000 1000\" xmlns=\"http:\/\/www.w3.org\/2000\/svg\"><path d=\"M696 533C708 521 713 504 713 487 713 471 708 454 696 446L400 146C388 133 375 125 354 125 338 125 325 129 313 142 300 154 292 171 292 187 292 204 296 221 308 233L563 492 304 771C292 783 288 800 288 817 288 833 296 850 308 863 321 871 338 875 354 875 371 875 388 867 400 854L696 533Z\"><\/path><\/svg><\/p>","protected":false},"excerpt":{"rendered":"<p>https:\/\/teal-lobster-750471.hostingersite.com\/wp-content\/uploads\/2026\/01\/30ef30cf-4b70-4fce-82ea-1bc4e4ae2146.mp4 Technical Details Manufacturer OUKITEL Item model number OUKITEL C61 Package Dimensions 24.2 x 17.6 x 6.5 cm; 470 g&#8230;<\/p>","protected":false},"featured_media":14591,"comment_status":"open","ping_status":"closed","template":"","meta":{"_acf_changed":false},"etheme_brands":[],"product_brand":[],"product_cat":[118],"product_tag":[],"class_list":{"0":"post-14585","1":"product","2":"type-product","3":"status-publish","4":"has-post-thumbnail","6":"product_cat-sale-shop","8":"first","9":"instock","10":"sale","11":"shipping-taxable","12":"purchasable","13":"product-type-variable","14":"wvs-archive-product-wrapper"},"acf":[],"_links":{"self":[{"href":"https:\/\/domainunique.shop\/es\/wp-json\/wp\/v2\/product\/14585","targetHints":{"allow":["GET"]}}],"collection":[{"href":"https:\/\/domainunique.shop\/es\/wp-json\/wp\/v2\/product"}],"about":[{"href":"https:\/\/domainunique.shop\/es\/wp-json\/wp\/v2\/types\/product"}],"replies":[{"embeddable":true,"href":"https:\/\/domainunique.shop\/es\/wp-json\/wp\/v2\/comments?post=14585"}],"version-history":[{"count":2,"href":"https:\/\/domainunique.shop\/es\/wp-json\/wp\/v2\/product\/14585\/revisions"}],"predecessor-version":[{"id":14605,"href":"https:\/\/domainunique.shop\/es\/wp-json\/wp\/v2\/product\/14585\/revisions\/14605"}],"wp:featuredmedia":[{"embeddable":true,"href":"https:\/\/domainunique.shop\/es\/wp-json\/wp\/v2\/media\/14591"}],"wp:attachment":[{"href":"https:\/\/domainunique.shop\/es\/wp-json\/wp\/v2\/media?parent=14585"}],"wp:term":[{"taxonomy":"brand","embeddable":true,"href":"https:\/\/domainunique.shop\/es\/wp-json\/wp\/v2\/etheme_brands?post=14585"},{"taxonomy":"product_brand","embeddable":true,"href":"https:\/\/domainunique.shop\/es\/wp-json\/wp\/v2\/product_brand?post=14585"},{"taxonomy":"product_cat","embeddable":true,"href":"https:\/\/domainunique.shop\/es\/wp-json\/wp\/v2\/product_cat?post=14585"},{"taxonomy":"product_tag","embeddable":true,"href":"https:\/\/domainunique.shop\/es\/wp-json\/wp\/v2\/product_tag?post=14585"}],"curies":[{"name":"wp","href":"https:\/\/api.w.org\/{rel}","templated":true}]}}